{"id":290,"date":"2024-11-15T11:30:57","date_gmt":"2024-11-15T10:30:57","guid":{"rendered":"https:\/\/chateletdejayac.com\/produits\/?page_id=290"},"modified":"2025-06-22T17:39:46","modified_gmt":"2025-06-22T15:39:46","slug":"conserves","status":"publish","type":"page","link":"https:\/\/chateletdejayac.com\/produits\/conserves\/","title":{"rendered":"Conserves"},"content":{"rendered":"\n<div class=\"wp-block-media-text is-stacked-on-mobile is-vertically-aligned-top\"><figure class=\"wp-block-media-text__media\"><img loading=\"lazy\" decoding=\"async\" width=\"400\" height=\"300\" src=\"http:\/\/chateletdejayac.com\/produits\/wp-content\/uploads\/sites\/5\/2014\/11\/BOCAL_FOIE_GRAS_DOIE_ENTIER.png\" alt=\"Bocal Foie Gras D'Oie Entier\" class=\"wp-image-62 size-full\" srcset=\"https:\/\/chateletdejayac.com\/produits\/wp-content\/uploads\/sites\/5\/2014\/11\/BOCAL_FOIE_GRAS_DOIE_ENTIER.png 400w, https:\/\/chateletdejayac.com\/produits\/wp-content\/uploads\/sites\/5\/2014\/11\/BOCAL_FOIE_GRAS_DOIE_ENTIER-300x225.png 300w\" sizes=\"auto, (max-width: 400px) 100vw, 400px\" \/><\/figure><div class=\"wp-block-media-text__content\">\n<p class=\"has-medium-font-size\">Bocal Foie Gras D&#8217;Oie Entier<\/p>\n\n\n\n<p>(foie gras 98 %, sel, poivre)<\/p>\n\n\n\n<p>15,50 \u20ac \/ 90 g<br>31,00 \u20ac \/ 180 g<br>60,00 \u20ac \/ 350 g<\/p>\n<\/div><\/div>\n\n\n\n<div class=\"wp-block-media-text is-stacked-on-mobile\"><figure class=\"wp-block-media-text__media\"><img loading=\"lazy\" decoding=\"async\" width=\"400\" height=\"300\" src=\"http:\/\/chateletdejayac.com\/produits\/wp-content\/uploads\/sites\/5\/2014\/11\/BOCAL_DE_FOIE_GRAS_DOIE_TRUFFE.png\" alt=\"P\u00e2t\u00e9 De Foie Gras D'Oie Truff\u00e9\" class=\"wp-image-61 size-full\" srcset=\"https:\/\/chateletdejayac.com\/produits\/wp-content\/uploads\/sites\/5\/2014\/11\/BOCAL_DE_FOIE_GRAS_DOIE_TRUFFE.png 400w, https:\/\/chateletdejayac.com\/produits\/wp-content\/uploads\/sites\/5\/2014\/11\/BOCAL_DE_FOIE_GRAS_DOIE_TRUFFE-300x225.png 300w\" sizes=\"auto, (max-width: 400px) 100vw, 400px\" \/><\/figure><div class=\"wp-block-media-text__content\">\n<p class=\"has-medium-font-size\">Bocal De Foie Gras D&#8217;Oie Truff\u00e9<\/p>\n\n\n\n<p>(foie gras 98 %, sel, poivre, truff\u00e9)<\/p>\n\n\n\n<p>18,00 \u20ac \/ 90 g<br>35,00 \u20ac \/ 180 g<br>67,00 \u20ac \/ 350 g<\/p>\n<\/div><\/div>\n\n\n\n<div class=\"wp-block-media-text is-stacked-on-mobile\"><figure class=\"wp-block-media-text__media\"><img loading=\"lazy\" decoding=\"async\" width=\"400\" height=\"300\" src=\"http:\/\/chateletdejayac.com\/produits\/wp-content\/uploads\/sites\/5\/2014\/11\/FOIE_GRAS_DOIE-ENTIER_BOITE.png\" alt=\"Foie Gras D'Oie Entier (bo\u00eete)\" class=\"wp-image-69 size-full\" srcset=\"https:\/\/chateletdejayac.com\/produits\/wp-content\/uploads\/sites\/5\/2014\/11\/FOIE_GRAS_DOIE-ENTIER_BOITE.png 400w, https:\/\/chateletdejayac.com\/produits\/wp-content\/uploads\/sites\/5\/2014\/11\/FOIE_GRAS_DOIE-ENTIER_BOITE-300x225.png 300w\" sizes=\"auto, (max-width: 400px) 100vw, 400px\" \/><\/figure><div class=\"wp-block-media-text__content\">\n<p class=\"has-medium-font-size\">Foie Gras D&#8217;Oie Entier (bo\u00eete)<\/p>\n\n\n\n<p>(foie gras 98 %, sel, poivre)<\/p>\n\n\n\n<p>14,00 \u20ac \/ 90 g<br>28,00 \u20ac \/ 180 g<br>62,00 \u20ac \/ 400 g<\/p>\n<\/div><\/div>\n\n\n\n<div class=\"wp-block-media-text is-stacked-on-mobile\"><figure class=\"wp-block-media-text__media\"><img loading=\"lazy\" decoding=\"async\" width=\"400\" height=\"300\" src=\"http:\/\/chateletdejayac.com\/produits\/wp-content\/uploads\/sites\/5\/2014\/11\/TERRINE_AU_BLOC_DE_FOIE_GRAS_DOIE.png\" alt=\"Terrine Au Bloc De Foie Gras D'Oie\" class=\"wp-image-86 size-full\" srcset=\"https:\/\/chateletdejayac.com\/produits\/wp-content\/uploads\/sites\/5\/2014\/11\/TERRINE_AU_BLOC_DE_FOIE_GRAS_DOIE.png 400w, https:\/\/chateletdejayac.com\/produits\/wp-content\/uploads\/sites\/5\/2014\/11\/TERRINE_AU_BLOC_DE_FOIE_GRAS_DOIE-300x225.png 300w\" sizes=\"auto, (max-width: 400px) 100vw, 400px\" \/><\/figure><div class=\"wp-block-media-text__content\">\n<p class=\"has-medium-font-size\">Bloc De Foie Gras D&#8217;Oie<\/p>\n\n\n\n<p>(foie gras d\u2019oie reconstitu\u00e9 98 %, sel, poivre)<\/p>\n\n\n\n<p>11,00 \u20ac \/ 100 g<br>20,00 \u20ac \/ 190 g<br>41,00 \u20ac \/ 400 g<\/p>\n<\/div><\/div>\n\n\n\n<div class=\"wp-block-media-text is-stacked-on-mobile is-vertically-aligned-top\"><figure class=\"wp-block-media-text__media\"><img loading=\"lazy\" decoding=\"async\" width=\"400\" height=\"300\" src=\"http:\/\/chateletdejayac.com\/produits\/wp-content\/uploads\/sites\/5\/2014\/11\/PATE_DE_FOIE_GRAS_DOIE.png\" alt=\"P\u00e2t\u00e9 De Foie Gras D'Oie\" class=\"wp-image-80 size-full\" srcset=\"https:\/\/chateletdejayac.com\/produits\/wp-content\/uploads\/sites\/5\/2014\/11\/PATE_DE_FOIE_GRAS_DOIE.png 400w, https:\/\/chateletdejayac.com\/produits\/wp-content\/uploads\/sites\/5\/2014\/11\/PATE_DE_FOIE_GRAS_DOIE-300x225.png 300w\" sizes=\"auto, (max-width: 400px) 100vw, 400px\" \/><\/figure><div class=\"wp-block-media-text__content\">\n<p class=\"has-medium-font-size\">P\u00e2t\u00e9 De Foie Gras D&#8217;Oie<\/p>\n\n\n\n<p>(foie gras d&#8217;oie 49 %, chair de porc, sel, poivre)<\/p>\n\n\n\n<p>9,00 \u20ac \/ 145 g<br>12,30 \u20ac \/ 200 g<br>17,00 \u20ac \/ 280 g<\/p>\n<\/div><\/div>\n\n\n\n<div class=\"wp-block-media-text is-stacked-on-mobile\"><figure class=\"wp-block-media-text__media\"><img loading=\"lazy\" decoding=\"async\" width=\"400\" height=\"300\" src=\"http:\/\/chateletdejayac.com\/produits\/wp-content\/uploads\/sites\/5\/2014\/11\/PATE_DE_FOIE_GRAS_DOIE_TRUFFE.png\" alt=\"P\u00e2t\u00e9 De Foie Gras D'Oie Truff\u00e9\" class=\"wp-image-79 size-full\" srcset=\"https:\/\/chateletdejayac.com\/produits\/wp-content\/uploads\/sites\/5\/2014\/11\/PATE_DE_FOIE_GRAS_DOIE_TRUFFE.png 400w, https:\/\/chateletdejayac.com\/produits\/wp-content\/uploads\/sites\/5\/2014\/11\/PATE_DE_FOIE_GRAS_DOIE_TRUFFE-300x225.png 300w\" sizes=\"auto, (max-width: 400px) 100vw, 400px\" \/><\/figure><div class=\"wp-block-media-text__content\">\n<p class=\"has-medium-font-size\">P\u00e2t\u00e9 De Foie Gras D\u2019Oie Truff\u00e9<\/p>\n\n\n\n<p>(truff\u00e9 \u00e0 2 %)<\/p>\n\n\n\n<p>17,00 \u20ac \/ 200 g<\/p>\n\n\n\n<p><\/p>\n<\/div><\/div>\n\n\n\n<div class=\"wp-block-media-text is-stacked-on-mobile\"><figure class=\"wp-block-media-text__media\"><img loading=\"lazy\" decoding=\"async\" width=\"400\" height=\"300\" src=\"http:\/\/chateletdejayac.com\/produits\/wp-content\/uploads\/sites\/5\/2014\/11\/TERRINE_AU_BLOC_DE_FOIE_GRAS_DOIE.png\" alt=\"Terrine Au Bloc De Foie Gras D'Oie\" class=\"wp-image-86 size-full\" srcset=\"https:\/\/chateletdejayac.com\/produits\/wp-content\/uploads\/sites\/5\/2014\/11\/TERRINE_AU_BLOC_DE_FOIE_GRAS_DOIE.png 400w, https:\/\/chateletdejayac.com\/produits\/wp-content\/uploads\/sites\/5\/2014\/11\/TERRINE_AU_BLOC_DE_FOIE_GRAS_DOIE-300x225.png 300w\" sizes=\"auto, (max-width: 400px) 100vw, 400px\" \/><\/figure><div class=\"wp-block-media-text__content\">\n<p class=\"has-medium-font-size\">Terrine Au Bloc De Foie Gras D&#8217;Oie<\/p>\n\n\n\n<p>(foie d\u2019oie reconstitu\u00e9 30 %, porc, sel, poivre)<\/p>\n\n\n\n<p>8,00 \u20ac \/ 145 g<br>10,00 \u20ac \/ 200 g<br>19,00 \u20ac \/ 400 g<\/p>\n<\/div><\/div>\n\n\n\n<div class=\"wp-block-media-text is-stacked-on-mobile\"><figure class=\"wp-block-media-text__media\"><img loading=\"lazy\" decoding=\"async\" width=\"400\" height=\"300\" src=\"http:\/\/chateletdejayac.com\/produits\/wp-content\/uploads\/sites\/5\/2014\/11\/CONFIT_DOIE.png\" alt=\"Confit D'Oie\" class=\"wp-image-63 size-full\" srcset=\"https:\/\/chateletdejayac.com\/produits\/wp-content\/uploads\/sites\/5\/2014\/11\/CONFIT_DOIE.png 400w, https:\/\/chateletdejayac.com\/produits\/wp-content\/uploads\/sites\/5\/2014\/11\/CONFIT_DOIE-300x225.png 300w\" sizes=\"auto, (max-width: 400px) 100vw, 400px\" \/><\/figure><div class=\"wp-block-media-text__content\">\n<p class=\"has-medium-font-size\">Confit D&#8217;Oie : aile<\/p>\n\n\n\n<p>(magret + manchon)<\/p>\n\n\n\n<p>13,00 \u20ac \/ 450 g<\/p>\n\n\n\n<p><\/p>\n<\/div><\/div>\n\n\n\n<div class=\"wp-block-media-text is-stacked-on-mobile is-vertically-aligned-top\"><figure class=\"wp-block-media-text__media\"><img loading=\"lazy\" decoding=\"async\" width=\"400\" height=\"300\" src=\"http:\/\/chateletdejayac.com\/produits\/wp-content\/uploads\/sites\/5\/2014\/11\/COU_DOIE-FARCI.png\" alt=\"Cou D'Oie Farcie\" class=\"wp-image-64 size-full\" srcset=\"https:\/\/chateletdejayac.com\/produits\/wp-content\/uploads\/sites\/5\/2014\/11\/COU_DOIE-FARCI.png 400w, https:\/\/chateletdejayac.com\/produits\/wp-content\/uploads\/sites\/5\/2014\/11\/COU_DOIE-FARCI-300x225.png 300w\" sizes=\"auto, (max-width: 400px) 100vw, 400px\" \/><\/figure><div class=\"wp-block-media-text__content\">\n<p class=\"has-medium-font-size\">Cou D&#8217;Oie Farci<\/p>\n\n\n\n<p>(30 % foie gras)<\/p>\n\n\n\n<p>22,00 \u20ac \/ 450 g<\/p>\n<\/div><\/div>\n\n\n\n<div class=\"wp-block-media-text is-stacked-on-mobile is-vertically-aligned-top\"><figure class=\"wp-block-media-text__media\"><img loading=\"lazy\" decoding=\"async\" width=\"400\" height=\"300\" src=\"http:\/\/chateletdejayac.com\/produits\/wp-content\/uploads\/sites\/5\/2014\/11\/CONFIT_DOIE.png\" alt=\"Confit D'Oie\" class=\"wp-image-63 size-full\" srcset=\"https:\/\/chateletdejayac.com\/produits\/wp-content\/uploads\/sites\/5\/2014\/11\/CONFIT_DOIE.png 400w, https:\/\/chateletdejayac.com\/produits\/wp-content\/uploads\/sites\/5\/2014\/11\/CONFIT_DOIE-300x225.png 300w\" sizes=\"auto, (max-width: 400px) 100vw, 400px\" \/><\/figure><div class=\"wp-block-media-text__content\">\n<p class=\"has-medium-font-size\">Confit D&#8217;Oie : Aile + cuisse<\/p>\n\n\n\n<p>17,00 \u20ac \/ 650 g<\/p>\n<\/div><\/div>\n\n\n\n<div class=\"wp-block-media-text is-stacked-on-mobile is-vertically-aligned-top\"><figure class=\"wp-block-media-text__media\"><img loading=\"lazy\" decoding=\"async\" width=\"400\" height=\"300\" src=\"http:\/\/chateletdejayac.com\/produits\/wp-content\/uploads\/sites\/5\/2014\/11\/CONFIT_DOIE.png\" alt=\"Confit D'Oie\" class=\"wp-image-63 size-full\" srcset=\"https:\/\/chateletdejayac.com\/produits\/wp-content\/uploads\/sites\/5\/2014\/11\/CONFIT_DOIE.png 400w, https:\/\/chateletdejayac.com\/produits\/wp-content\/uploads\/sites\/5\/2014\/11\/CONFIT_DOIE-300x225.png 300w\" sizes=\"auto, (max-width: 400px) 100vw, 400px\" \/><\/figure><div class=\"wp-block-media-text__content\">\n<p class=\"has-medium-font-size\">Confit D&#8217;Oie : cuisse<\/p>\n\n\n\n<p>13,00 \u20ac \/ 450 g<\/p>\n<\/div><\/div>\n\n\n\n<div class=\"wp-block-media-text is-stacked-on-mobile is-vertically-aligned-top\"><figure class=\"wp-block-media-text__media\"><img loading=\"lazy\" decoding=\"async\" width=\"400\" height=\"300\" src=\"http:\/\/chateletdejayac.com\/produits\/wp-content\/uploads\/sites\/5\/2014\/11\/RILLETTES_DOIE.png\" alt=\"Rillettes D'Oie\" class=\"wp-image-83 size-full\" srcset=\"https:\/\/chateletdejayac.com\/produits\/wp-content\/uploads\/sites\/5\/2014\/11\/RILLETTES_DOIE.png 400w, https:\/\/chateletdejayac.com\/produits\/wp-content\/uploads\/sites\/5\/2014\/11\/RILLETTES_DOIE-300x225.png 300w\" sizes=\"auto, (max-width: 400px) 100vw, 400px\" \/><\/figure><div class=\"wp-block-media-text__content\">\n<p class=\"has-medium-font-size\">Rillettes D&#8217;Oie<\/p>\n\n\n\n<p>(maigre et gras d\u2019oie \u00e9goutt\u00e9)<\/p>\n\n\n\n<p>6,00 \u20ac \/ 200 g<br>7,50 \u20ac \/ 280 g<\/p>\n<\/div><\/div>\n\n\n\n<div class=\"wp-block-media-text is-stacked-on-mobile is-vertically-aligned-top\"><figure class=\"wp-block-media-text__media\"><img loading=\"lazy\" decoding=\"async\" width=\"400\" height=\"300\" src=\"http:\/\/chateletdejayac.com\/produits\/wp-content\/uploads\/sites\/5\/2014\/11\/GESIERS_DOIE.png\" alt=\"G\u00e9siers D'Oie\" class=\"wp-image-72 size-full\" srcset=\"https:\/\/chateletdejayac.com\/produits\/wp-content\/uploads\/sites\/5\/2014\/11\/GESIERS_DOIE.png 400w, https:\/\/chateletdejayac.com\/produits\/wp-content\/uploads\/sites\/5\/2014\/11\/GESIERS_DOIE-300x225.png 300w\" sizes=\"auto, (max-width: 400px) 100vw, 400px\" \/><\/figure><div class=\"wp-block-media-text__content\">\n<p class=\"has-medium-font-size\">G\u00e9siers D\u2019Oie<\/p>\n\n\n\n<p>9,50 \u20ac \/ 250 g<\/p>\n<\/div><\/div>\n\n\n\n<div class=\"wp-block-media-text is-stacked-on-mobile is-vertically-aligned-top\"><figure class=\"wp-block-media-text__media\"><img loading=\"lazy\" decoding=\"async\" width=\"400\" height=\"300\" src=\"http:\/\/chateletdejayac.com\/produits\/wp-content\/uploads\/sites\/5\/2014\/11\/GRAISSE_DOIE.png\" alt=\"Graisse D'Oie\" class=\"wp-image-73 size-full\" srcset=\"https:\/\/chateletdejayac.com\/produits\/wp-content\/uploads\/sites\/5\/2014\/11\/GRAISSE_DOIE.png 400w, https:\/\/chateletdejayac.com\/produits\/wp-content\/uploads\/sites\/5\/2014\/11\/GRAISSE_DOIE-300x225.png 300w\" sizes=\"auto, (max-width: 400px) 100vw, 400px\" \/><\/figure><div class=\"wp-block-media-text__content\">\n<p class=\"has-medium-font-size\">Graisse D&#8217;Oie<\/p>\n\n\n\n<p>4,50 \u20ac \/ 500 g<\/p>\n<\/div><\/div>\n\n\n\n<p><\/p>\n","protected":false},"excerpt":{"rendered":"<p>Bocal Foie Gras D&#8217;Oie Entier (foie gras 98 %, sel, poivre) 15,50 \u20ac \/ 90 g31,00 \u20ac \/ 180 g60,00 \u20ac \/ 350 g Bocal De Foie Gras D&#8217;Oie Truff\u00e9 (foie gras 98 %, sel, poivre, truff\u00e9) 18,00 \u20ac \/ &hellip; <a href=\"https:\/\/chateletdejayac.com\/produits\/conserves\/\">Continuer la lecture <span class=\"meta-nav\">&rarr;<\/span><\/a><\/p>\n","protected":false},"author":1,"featured_media":0,"parent":0,"menu_order":0,"comment_status":"closed","ping_status":"closed","template":"","meta":{"footnotes":""},"class_list":["post-290","page","type-page","status-publish","hentry"],"_links":{"self":[{"href":"https:\/\/chateletdejayac.com\/produits\/wp-json\/wp\/v2\/pages\/290","targetHints":{"allow":["GET"]}}],"collection":[{"href":"https:\/\/chateletdejayac.com\/produits\/wp-json\/wp\/v2\/pages"}],"about":[{"href":"https:\/\/chateletdejayac.com\/produits\/wp-json\/wp\/v2\/types\/page"}],"author":[{"embeddable":true,"href":"https:\/\/chateletdejayac.com\/produits\/wp-json\/wp\/v2\/users\/1"}],"replies":[{"embeddable":true,"href":"https:\/\/chateletdejayac.com\/produits\/wp-json\/wp\/v2\/comments?post=290"}],"version-history":[{"count":34,"href":"https:\/\/chateletdejayac.com\/produits\/wp-json\/wp\/v2\/pages\/290\/revisions"}],"predecessor-version":[{"id":421,"href":"https:\/\/chateletdejayac.com\/produits\/wp-json\/wp\/v2\/pages\/290\/revisions\/421"}],"wp:attachment":[{"href":"https:\/\/chateletdejayac.com\/produits\/wp-json\/wp\/v2\/media?parent=290"}],"curies":[{"name":"wp","href":"https:\/\/api.w.org\/{rel}","templated":true}]}}