{"id":23,"date":"2014-11-24T13:46:00","date_gmt":"2014-11-24T12:46:00","guid":{"rendered":"https:\/\/chateletdejayac.com\/produits\/?page_id=23"},"modified":"2024-11-15T11:07:20","modified_gmt":"2024-11-15T10:07:20","slug":"asperges","status":"publish","type":"page","link":"https:\/\/chateletdejayac.com\/produits\/asperges\/","title":{"rendered":"Asperges"},"content":{"rendered":"\n<h2 class=\"wp-block-heading\">La petite histoire<\/h2>\n\n\n\n<p>Raymond Brousse, aid\u00e9 par toute la famille, a plant\u00e9 les premiers plants d&#8217;asperges en 1965 sur les terres du Sablou : le sol sablonneux convenait parfaitement \u00e0 leur culture.<\/p>\n\n\n\n<h2 class=\"wp-block-heading\">la plantation et la culture<\/h2>\n\n\n\n<p>Les \u00ab griffes \u00bb d&#8217;asperges correspondent aux racines : elles proviennent des Landes.<br>Des foss\u00e9s sont creus\u00e9s sur 50 cm de profondeur en rang long de 50 ou 100 m\u00e8tres selon les champs \u00e0 environ 2 m\u00e8tres de distance. Les griffes sont plant\u00e9es tous les 50 cm Puis recouverte de terre.<\/p>\n\n\n\n<h2 class=\"wp-block-heading\">la r\u00e9colte<\/h2>\n\n\n\n<p>On doit attendre 3 ans avant la premi\u00e8re r\u00e9colte qui dure environ 3 semaines afin de ne pas fatiguer les griffes. Les ann\u00e9es suivantes, lorsque les plants sont matures, les asperges peuvent \u00eatre r\u00e9colt\u00e9es pendant 2 mois et demi environ, d&#8217;avril \u00e0 mi-juin. Depuis quelques ann\u00e9es, des b\u00e2ches sont install\u00e9es sur les rangs afin de favoriser la pousse des asperges et de maintenir leur blancheur. Une machine permet de soulever les b\u00e2ches tout le long des rangs.<br>Les asperges vertes, tr\u00e8s pris\u00e9es \u00e9galement se r\u00e9coltent simplement en cassant le bas de la tige sur des rangs non butt\u00e9s.<br>\u00c0 la fin de la r\u00e9colte, nous proc\u00e9dons au \u00ab d\u00e9buttage \u00bb en aplanissant les rangs de fa\u00e7on \u00e0 laisser pousser les asperges qui ressemble alors \u00e0 des petits arbustes verts. Ils sont coup\u00e9s et br\u00fbl\u00e9s \u00e0 l&#8217;automne.<\/p>\n\n\n\n<h2 class=\"wp-block-heading\">la conserve<\/h2>\n\n\n\n<p>Les asperges se pr\u00eatent particuli\u00e8rement \u00e0 la conserve, pr\u00e9servant ainsi le go\u00fbt du produit. Elles doivent \u00eatre soigneusement pel\u00e9es, puis install\u00e9es dans le bocal, les pointes vers le haut. Il suffit d&#8217;ajouter un jus de citron.<br>une cuisson en st\u00e9rilisateur ou en autoclave est n\u00e9cessaire pendant 3 heures.<\/p>\n\n\n\n<h2 class=\"wp-block-heading\">les lieux de vente<\/h2>\n\n\n\n<p>Les asperges sont vendues directement \u00e0 la ferme en saison.<br>Nous sommes \u00e9galement pr\u00e9sents sur <a title=\"March\u00e9\" href=\"https:\/\/chateletdejayac.com\/produits\/marche\/\">les march\u00e9s<\/a>.<\/p>\n","protected":false},"excerpt":{"rendered":"<p>La petite histoire Raymond Brousse, aid\u00e9 par toute la famille, a plant\u00e9 les premiers plants d&#8217;asperges en 1965 sur les terres du Sablou : le sol sablonneux convenait parfaitement \u00e0 leur culture. la plantation et la culture Les \u00ab griffes &hellip; <a href=\"https:\/\/chateletdejayac.com\/produits\/asperges\/\">Continuer la lecture <span class=\"meta-nav\">&rarr;<\/span><\/a><\/p>\n","protected":false},"author":1,"featured_media":0,"parent":0,"menu_order":0,"comment_status":"closed","ping_status":"closed","template":"sidebar-page.php","meta":{"footnotes":""},"class_list":["post-23","page","type-page","status-publish","hentry"],"_links":{"self":[{"href":"https:\/\/chateletdejayac.com\/produits\/wp-json\/wp\/v2\/pages\/23","targetHints":{"allow":["GET"]}}],"collection":[{"href":"https:\/\/chateletdejayac.com\/produits\/wp-json\/wp\/v2\/pages"}],"about":[{"href":"https:\/\/chateletdejayac.com\/produits\/wp-json\/wp\/v2\/types\/page"}],"author":[{"embeddable":true,"href":"https:\/\/chateletdejayac.com\/produits\/wp-json\/wp\/v2\/users\/1"}],"replies":[{"embeddable":true,"href":"https:\/\/chateletdejayac.com\/produits\/wp-json\/wp\/v2\/comments?post=23"}],"version-history":[{"count":2,"href":"https:\/\/chateletdejayac.com\/produits\/wp-json\/wp\/v2\/pages\/23\/revisions"}],"predecessor-version":[{"id":282,"href":"https:\/\/chateletdejayac.com\/produits\/wp-json\/wp\/v2\/pages\/23\/revisions\/282"}],"wp:attachment":[{"href":"https:\/\/chateletdejayac.com\/produits\/wp-json\/wp\/v2\/media?parent=23"}],"curies":[{"name":"wp","href":"https:\/\/api.w.org\/{rel}","templated":true}]}}