{"id":28,"date":"2014-11-24T10:08:26","date_gmt":"2014-11-24T09:08:26","guid":{"rendered":"https:\/\/chateletdejayac.com\/chambres\/?page_id=28"},"modified":"2024-11-15T10:59:21","modified_gmt":"2024-11-15T09:59:21","slug":"leontine","status":"publish","type":"page","link":"https:\/\/chateletdejayac.com\/chambres\/leontine\/","title":{"rendered":"L\u00e9ontine"},"content":{"rendered":"\n<p>Chambre pour 2 personnes.<\/p>\n\n\n\n<h2 class=\"wp-block-heading\">1 grand lit, 1 kitchenette, 1coin repas avec sanitaires et wc s\u00e9par\u00e9s. petits d\u00e9js.compris.<\/h2>\n\n\n\n<h1 class=\"wp-block-heading\">Tarif<\/h1>\n\n\n\n<p>64 \u20ac TTC \/ nuit<\/p>\n\n\n\n<figure class=\"wp-block-gallery has-nested-images columns-default is-cropped wp-block-gallery-1 is-layout-flex wp-block-gallery-is-layout-flex\">\n<figure class=\"wp-block-image\"><img loading=\"lazy\" decoding=\"async\" width=\"300\" height=\"400\" data-id=\"114\" src=\"https:\/\/chateletdejayac.com\/chambres\/wp-content\/uploads\/sites\/4\/2014\/11\/Leontine-4.jpg\" alt=\"L\u00e9ontine-Chambre avec Salle de douche\" class=\"wp-image-114\" srcset=\"https:\/\/chateletdejayac.com\/chambres\/wp-content\/uploads\/sites\/4\/2014\/11\/Leontine-4.jpg 300w, https:\/\/chateletdejayac.com\/chambres\/wp-content\/uploads\/sites\/4\/2014\/11\/Leontine-4-225x300.jpg 225w\" sizes=\"auto, (max-width: 300px) 100vw, 300px\" \/><\/figure>\n\n\n\n<figure class=\"wp-block-image\"><img loading=\"lazy\" decoding=\"async\" width=\"400\" height=\"300\" data-id=\"113\" src=\"https:\/\/chateletdejayac.com\/chambres\/wp-content\/uploads\/sites\/4\/2014\/11\/Leontine-3.jpg\" alt=\"L\u00e9ontine-Chambre avec Kitchenette et un coin repas\" class=\"wp-image-113\" srcset=\"https:\/\/chateletdejayac.com\/chambres\/wp-content\/uploads\/sites\/4\/2014\/11\/Leontine-3.jpg 400w, https:\/\/chateletdejayac.com\/chambres\/wp-content\/uploads\/sites\/4\/2014\/11\/Leontine-3-300x225.jpg 300w\" sizes=\"auto, (max-width: 400px) 100vw, 400px\" \/><\/figure>\n\n\n\n<figure class=\"wp-block-image\"><img loading=\"lazy\" decoding=\"async\" width=\"534\" height=\"404\" data-id=\"112\" src=\"https:\/\/chateletdejayac.com\/chambres\/wp-content\/uploads\/sites\/4\/2014\/11\/Leontine-2.jpg\" alt=\"L\u00e9ontine-Chambre avec un grand lit\" class=\"wp-image-112\" srcset=\"https:\/\/chateletdejayac.com\/chambres\/wp-content\/uploads\/sites\/4\/2014\/11\/Leontine-2.jpg 534w, https:\/\/chateletdejayac.com\/chambres\/wp-content\/uploads\/sites\/4\/2014\/11\/Leontine-2-300x226.jpg 300w, https:\/\/chateletdejayac.com\/chambres\/wp-content\/uploads\/sites\/4\/2014\/11\/Leontine-2-396x300.jpg 396w\" sizes=\"auto, (max-width: 534px) 100vw, 534px\" \/><\/figure>\n\n\n\n<figure class=\"wp-block-image\"><img loading=\"lazy\" decoding=\"async\" width=\"534\" height=\"400\" data-id=\"111\" src=\"https:\/\/chateletdejayac.com\/chambres\/wp-content\/uploads\/sites\/4\/2014\/11\/Leontine-1.jpg\" alt=\"L\u00e9ontine-Chambre avec un grand lit\" class=\"wp-image-111\" srcset=\"https:\/\/chateletdejayac.com\/chambres\/wp-content\/uploads\/sites\/4\/2014\/11\/Leontine-1.jpg 534w, https:\/\/chateletdejayac.com\/chambres\/wp-content\/uploads\/sites\/4\/2014\/11\/Leontine-1-300x224.jpg 300w, https:\/\/chateletdejayac.com\/chambres\/wp-content\/uploads\/sites\/4\/2014\/11\/Leontine-1-400x300.jpg 400w\" sizes=\"auto, (max-width: 534px) 100vw, 534px\" \/><\/figure>\n<\/figure>\n","protected":false},"excerpt":{"rendered":"<p>Chambre pour 2 personnes. 1 grand lit, 1 kitchenette, 1coin repas avec sanitaires et wc s\u00e9par\u00e9s. petits d\u00e9js.compris. Tarif 64 \u20ac TTC \/ nuit<\/p>\n","protected":false},"author":1,"featured_media":0,"parent":0,"menu_order":0,"comment_status":"closed","ping_status":"closed","template":"sidebar-page.php","meta":{"footnotes":""},"class_list":["post-28","page","type-page","status-publish","hentry"],"_links":{"self":[{"href":"https:\/\/chateletdejayac.com\/chambres\/wp-json\/wp\/v2\/pages\/28","targetHints":{"allow":["GET"]}}],"collection":[{"href":"https:\/\/chateletdejayac.com\/chambres\/wp-json\/wp\/v2\/pages"}],"about":[{"href":"https:\/\/chateletdejayac.com\/chambres\/wp-json\/wp\/v2\/types\/page"}],"author":[{"embeddable":true,"href":"https:\/\/chateletdejayac.com\/chambres\/wp-json\/wp\/v2\/users\/1"}],"replies":[{"embeddable":true,"href":"https:\/\/chateletdejayac.com\/chambres\/wp-json\/wp\/v2\/comments?post=28"}],"version-history":[{"count":3,"href":"https:\/\/chateletdejayac.com\/chambres\/wp-json\/wp\/v2\/pages\/28\/revisions"}],"predecessor-version":[{"id":229,"href":"https:\/\/chateletdejayac.com\/chambres\/wp-json\/wp\/v2\/pages\/28\/revisions\/229"}],"wp:attachment":[{"href":"https:\/\/chateletdejayac.com\/chambres\/wp-json\/wp\/v2\/media?parent=28"}],"curies":[{"name":"wp","href":"https:\/\/api.w.org\/{rel}","templated":true}]}}