{"id":26,"date":"2014-11-24T10:07:54","date_gmt":"2014-11-24T09:07:54","guid":{"rendered":"https:\/\/chateletdejayac.com\/chambres\/?page_id=26"},"modified":"2024-11-15T10:59:44","modified_gmt":"2024-11-15T09:59:44","slug":"hortense","status":"publish","type":"page","link":"https:\/\/chateletdejayac.com\/chambres\/hortense\/","title":{"rendered":"Hortense"},"content":{"rendered":"\n<p>Chambre pour 2 personnes.<\/p>\n\n\n\n<h2 class=\"wp-block-heading\">1 grand lit, 1 kitchenette, 1coin repas avec sanitaires et wc s\u00e9par\u00e9s. petits d\u00e9js.compris.<\/h2>\n\n\n\n<h1 class=\"wp-block-heading\">Tarif<\/h1>\n\n\n\n<p>64 \u20ac TTC \/ nuit<\/p>\n\n\n\n<figure class=\"wp-block-gallery has-nested-images columns-default is-cropped wp-block-gallery-1 is-layout-flex wp-block-gallery-is-layout-flex\">\n<figure class=\"wp-block-image\"><img loading=\"lazy\" decoding=\"async\" width=\"300\" height=\"400\" data-id=\"109\" src=\"https:\/\/chateletdejayac.com\/chambres\/wp-content\/uploads\/sites\/4\/2014\/11\/Hortense-2.jpg\" alt=\"Hortense-Chambre avec Salle de douche\" class=\"wp-image-109\" srcset=\"https:\/\/chateletdejayac.com\/chambres\/wp-content\/uploads\/sites\/4\/2014\/11\/Hortense-2.jpg 300w, https:\/\/chateletdejayac.com\/chambres\/wp-content\/uploads\/sites\/4\/2014\/11\/Hortense-2-225x300.jpg 225w\" sizes=\"auto, (max-width: 300px) 100vw, 300px\" \/><\/figure>\n\n\n\n<figure class=\"wp-block-image\"><img loading=\"lazy\" decoding=\"async\" width=\"534\" height=\"400\" data-id=\"108\" src=\"https:\/\/chateletdejayac.com\/chambres\/wp-content\/uploads\/sites\/4\/2014\/11\/Hortense-1.jpg\" alt=\"Hortense-Chambre avec un grand lit\" class=\"wp-image-108\" srcset=\"https:\/\/chateletdejayac.com\/chambres\/wp-content\/uploads\/sites\/4\/2014\/11\/Hortense-1.jpg 534w, https:\/\/chateletdejayac.com\/chambres\/wp-content\/uploads\/sites\/4\/2014\/11\/Hortense-1-300x224.jpg 300w, https:\/\/chateletdejayac.com\/chambres\/wp-content\/uploads\/sites\/4\/2014\/11\/Hortense-1-400x300.jpg 400w\" sizes=\"auto, (max-width: 534px) 100vw, 534px\" \/><\/figure>\n\n\n\n<figure class=\"wp-block-image\"><img loading=\"lazy\" decoding=\"async\" width=\"534\" height=\"400\" data-id=\"110\" src=\"https:\/\/chateletdejayac.com\/chambres\/wp-content\/uploads\/sites\/4\/2014\/11\/Hortense-3.jpg\" alt=\"Hortense-Chambre avec Kitchenette et un coin repas\" class=\"wp-image-110\" srcset=\"https:\/\/chateletdejayac.com\/chambres\/wp-content\/uploads\/sites\/4\/2014\/11\/Hortense-3.jpg 534w, https:\/\/chateletdejayac.com\/chambres\/wp-content\/uploads\/sites\/4\/2014\/11\/Hortense-3-300x224.jpg 300w, https:\/\/chateletdejayac.com\/chambres\/wp-content\/uploads\/sites\/4\/2014\/11\/Hortense-3-400x300.jpg 400w\" sizes=\"auto, (max-width: 534px) 100vw, 534px\" \/><\/figure>\n<\/figure>\n","protected":false},"excerpt":{"rendered":"<p>Chambre pour 2 personnes. 1 grand lit, 1 kitchenette, 1coin repas avec sanitaires et wc s\u00e9par\u00e9s. petits d\u00e9js.compris. Tarif 64 \u20ac TTC \/ nuit<\/p>\n","protected":false},"author":1,"featured_media":0,"parent":0,"menu_order":0,"comment_status":"closed","ping_status":"closed","template":"sidebar-page.php","meta":{"footnotes":""},"class_list":["post-26","page","type-page","status-publish","hentry"],"_links":{"self":[{"href":"https:\/\/chateletdejayac.com\/chambres\/wp-json\/wp\/v2\/pages\/26","targetHints":{"allow":["GET"]}}],"collection":[{"href":"https:\/\/chateletdejayac.com\/chambres\/wp-json\/wp\/v2\/pages"}],"about":[{"href":"https:\/\/chateletdejayac.com\/chambres\/wp-json\/wp\/v2\/types\/page"}],"author":[{"embeddable":true,"href":"https:\/\/chateletdejayac.com\/chambres\/wp-json\/wp\/v2\/users\/1"}],"replies":[{"embeddable":true,"href":"https:\/\/chateletdejayac.com\/chambres\/wp-json\/wp\/v2\/comments?post=26"}],"version-history":[{"count":4,"href":"https:\/\/chateletdejayac.com\/chambres\/wp-json\/wp\/v2\/pages\/26\/revisions"}],"predecessor-version":[{"id":230,"href":"https:\/\/chateletdejayac.com\/chambres\/wp-json\/wp\/v2\/pages\/26\/revisions\/230"}],"wp:attachment":[{"href":"https:\/\/chateletdejayac.com\/chambres\/wp-json\/wp\/v2\/media?parent=26"}],"curies":[{"name":"wp","href":"https:\/\/api.w.org\/{rel}","templated":true}]}}