{"id":18,"date":"2014-11-24T10:04:57","date_gmt":"2014-11-24T09:04:57","guid":{"rendered":"https:\/\/chateletdejayac.com\/chambres\/?page_id=18"},"modified":"2024-11-15T10:55:28","modified_gmt":"2024-11-15T09:55:28","slug":"options","status":"publish","type":"page","link":"https:\/\/chateletdejayac.com\/chambres\/options\/","title":{"rendered":"Options"},"content":{"rendered":"\n<p>Vous avez le choix de pr\u00e9parer vos petits d\u00e9jeuners dans vos cuisines (sauf la chambre Suzanne qui n&#8217;est pas \u00e9quip\u00e9e ) : nous vous d\u00e9duirons 4 \u20ac par personne.<\/p>\n\n\n\n<p>Nous proposons aussi des s\u00e9jours \u00e0 la semaine dans nos appartements \u00e9quip\u00e9s, en famille, entre amis :<\/p>\n\n\n\n<p>L\u00e9ontine et Hortense: 7 nuit\u00e9es du samedi au samedi au prix de 400 \u20ac pour 2 pers. sans petit d\u00e9j.<\/p>\n\n\n\n<p>El\u00e9onore : pour 4 personnes au prix de 500 \u20ac la semaine ( sans petit d\u00e9j.)<br>Marie-Louise : pour 2 chambres s\u00e9par\u00e9es, 4 personnes, au prix de 590 \u20ac la semaine (sans petit d\u00e9j.)<\/p>\n\n\n\n<p>Dans chaque chambre se trouve un t\u00e9l\u00e9viseur num\u00e9rique.<\/p>\n\n\n\n<p>Nous avons la possibilit\u00e9 de vous pr\u00e9ter gracieusement un lit b\u00e9b\u00e9.<\/p>\n\n\n\n<p>Dans chaque chambre, vous pouvez ajouter un lit pliant au prix de 7 \u20ac la nuit\u00e9e (sans petit d\u00e9j).<\/p>\n\n\n\n<p>Nos amis les animaux sont admis \u00e0 conditions qu&#8217;ils aient un comportement correct.<\/p>\n\n\n\n<p>Pour les paiements, nous acceptons les ch\u00e8ques bancaires ainsi que les ch\u00e8ques vacances. Pour chaque r\u00e9servation, nous demandons des arrhes : la valeur d&#8217;une nuit\u00e9e pour 3 ou 4 nuits r\u00e9serv\u00e9es et la valeur de 2 nuit\u00e9es d&#8217;arrhes pour une semaine r\u00e9serv\u00e9e.<\/p>\n\n\n\n<p>Nous vous assurons de notre meilleur accueil ainsi que nos bons services au sein de notre maison.<\/p>\n\n\n\n<p>Toute la famille Brousse.<\/p>\n","protected":false},"excerpt":{"rendered":"<p>Vous avez le choix de pr\u00e9parer vos petits d\u00e9jeuners dans vos cuisines (sauf la chambre Suzanne qui n&#8217;est pas \u00e9quip\u00e9e ) : nous vous d\u00e9duirons 4 \u20ac par personne. Nous proposons aussi des s\u00e9jours \u00e0 la semaine dans nos appartements &hellip; <a href=\"https:\/\/chateletdejayac.com\/chambres\/options\/\">Continuer la lecture <span class=\"meta-nav\">&rarr;<\/span><\/a><\/p>\n","protected":false},"author":1,"featured_media":0,"parent":0,"menu_order":0,"comment_status":"closed","ping_status":"closed","template":"sidebar-page.php","meta":{"footnotes":""},"class_list":["post-18","page","type-page","status-publish","hentry"],"_links":{"self":[{"href":"https:\/\/chateletdejayac.com\/chambres\/wp-json\/wp\/v2\/pages\/18","targetHints":{"allow":["GET"]}}],"collection":[{"href":"https:\/\/chateletdejayac.com\/chambres\/wp-json\/wp\/v2\/pages"}],"about":[{"href":"https:\/\/chateletdejayac.com\/chambres\/wp-json\/wp\/v2\/types\/page"}],"author":[{"embeddable":true,"href":"https:\/\/chateletdejayac.com\/chambres\/wp-json\/wp\/v2\/users\/1"}],"replies":[{"embeddable":true,"href":"https:\/\/chateletdejayac.com\/chambres\/wp-json\/wp\/v2\/comments?post=18"}],"version-history":[{"count":2,"href":"https:\/\/chateletdejayac.com\/chambres\/wp-json\/wp\/v2\/pages\/18\/revisions"}],"predecessor-version":[{"id":226,"href":"https:\/\/chateletdejayac.com\/chambres\/wp-json\/wp\/v2\/pages\/18\/revisions\/226"}],"wp:attachment":[{"href":"https:\/\/chateletdejayac.com\/chambres\/wp-json\/wp\/v2\/media?parent=18"}],"curies":[{"name":"wp","href":"https:\/\/api.w.org\/{rel}","templated":true}]}}