{"id":15,"date":"2014-11-24T10:04:14","date_gmt":"2014-11-24T09:04:14","guid":{"rendered":"https:\/\/chateletdejayac.com\/chambres\/?page_id=15"},"modified":"2024-11-15T11:03:11","modified_gmt":"2024-11-15T10:03:11","slug":"accueil","status":"publish","type":"page","link":"https:\/\/chateletdejayac.com\/chambres\/","title":{"rendered":"Nos Chambres :"},"content":{"rendered":"\n<p class=\"has-text-align-left\"><span style=\"font-size: large;\">M<\/span>ichelle Brousse vous accueille dans une belle maison du XVI\u00e8me si\u00e8cle au coeur d&#8217;une r\u00e9gion renomm\u00e9e pour ses nombreuses grottes orn\u00e9es, ses impressionnants ch\u00e2teaux m\u00e9di\u00e9vaux et sa gastronomie ancestrale. Vous pourrez ainsi visiter Lascaux, Sarlat, Beynac, la Roque-Gageac, et aussi Collonges la Rouge, Rocamadour.<\/p>\n\n\n\n<p class=\"has-text-align-left\">Vous trouverez un accueil chaleureux dans cette demeure familiale (vieilles pierres et bel escalier dans la tour).<\/p>\n\n\n\n<p class=\"has-text-align-left\">Equip\u00e9es de kitchenettes et d\u00e9cor\u00e9es avec soin, les chambres d\u2019h\u00f4tes sont tr\u00e8s confortables et personnalis\u00e9es. Acc\u00e8s wifi gratuit.<\/p>\n\n\n\n<p class=\"has-text-align-left\">De nombreuses sorties touristiques vous seront propos\u00e9es et les restaurants voisins sauront vous faire d\u00e9couvrir leurs sp\u00e9cialit\u00e9s. La maison se situe dans le bourg de Jayac, petit village p\u00e9rigordin au d\u00e9part des sentiers p\u00e9destres.<\/p>\n\n\n\n<figure class=\"wp-block-gallery has-nested-images columns-default is-cropped wp-block-gallery-1 is-layout-flex wp-block-gallery-is-layout-flex\">\n<figure class=\"wp-block-image size-large\"><img loading=\"lazy\" decoding=\"async\" width=\"400\" height=\"300\" data-id=\"157\" src=\"https:\/\/chateletdejayac.com\/chambres\/wp-content\/uploads\/sites\/4\/2018\/06\/CDJ_2018-06_02.jpg\" alt=\"\" class=\"wp-image-157\" srcset=\"https:\/\/chateletdejayac.com\/chambres\/wp-content\/uploads\/sites\/4\/2018\/06\/CDJ_2018-06_02.jpg 400w, https:\/\/chateletdejayac.com\/chambres\/wp-content\/uploads\/sites\/4\/2018\/06\/CDJ_2018-06_02-300x225.jpg 300w\" sizes=\"auto, (max-width: 400px) 100vw, 400px\" \/><\/figure>\n\n\n\n<figure class=\"wp-block-image size-large\"><img loading=\"lazy\" decoding=\"async\" width=\"400\" height=\"300\" data-id=\"156\" src=\"https:\/\/chateletdejayac.com\/chambres\/wp-content\/uploads\/sites\/4\/2018\/06\/CDJ_2018-06_01.jpg\" alt=\"\" class=\"wp-image-156\" srcset=\"https:\/\/chateletdejayac.com\/chambres\/wp-content\/uploads\/sites\/4\/2018\/06\/CDJ_2018-06_01.jpg 400w, https:\/\/chateletdejayac.com\/chambres\/wp-content\/uploads\/sites\/4\/2018\/06\/CDJ_2018-06_01-300x225.jpg 300w\" sizes=\"auto, (max-width: 400px) 100vw, 400px\" \/><\/figure>\n\n\n\n<figure class=\"wp-block-image size-large\"><img loading=\"lazy\" decoding=\"async\" width=\"400\" height=\"300\" data-id=\"102\" src=\"https:\/\/chateletdejayac.com\/chambres\/wp-content\/uploads\/sites\/4\/2014\/11\/CDJ-018.jpg\" alt=\"Ch\u00e2telet de Jayac \u2013 C\u00f4t\u00e9 sud\" class=\"wp-image-102\" srcset=\"https:\/\/chateletdejayac.com\/chambres\/wp-content\/uploads\/sites\/4\/2014\/11\/CDJ-018.jpg 400w, https:\/\/chateletdejayac.com\/chambres\/wp-content\/uploads\/sites\/4\/2014\/11\/CDJ-018-300x225.jpg 300w\" sizes=\"auto, (max-width: 400px) 100vw, 400px\" \/><\/figure>\n\n\n\n<figure class=\"wp-block-image size-large\"><img loading=\"lazy\" decoding=\"async\" width=\"400\" height=\"300\" data-id=\"101\" src=\"https:\/\/chateletdejayac.com\/chambres\/wp-content\/uploads\/sites\/4\/2014\/11\/CDJ-017.jpg\" alt=\"Ch\u00e2telet de Jayac -cour\" class=\"wp-image-101\" srcset=\"https:\/\/chateletdejayac.com\/chambres\/wp-content\/uploads\/sites\/4\/2014\/11\/CDJ-017.jpg 400w, https:\/\/chateletdejayac.com\/chambres\/wp-content\/uploads\/sites\/4\/2014\/11\/CDJ-017-300x225.jpg 300w\" sizes=\"auto, (max-width: 400px) 100vw, 400px\" \/><\/figure>\n\n\n\n<figure class=\"wp-block-image size-large\"><img loading=\"lazy\" decoding=\"async\" width=\"400\" height=\"300\" data-id=\"100\" src=\"https:\/\/chateletdejayac.com\/chambres\/wp-content\/uploads\/sites\/4\/2014\/11\/CDJ-016.jpg\" alt=\"Jayac\" class=\"wp-image-100\" srcset=\"https:\/\/chateletdejayac.com\/chambres\/wp-content\/uploads\/sites\/4\/2014\/11\/CDJ-016.jpg 400w, https:\/\/chateletdejayac.com\/chambres\/wp-content\/uploads\/sites\/4\/2014\/11\/CDJ-016-300x225.jpg 300w\" sizes=\"auto, (max-width: 400px) 100vw, 400px\" \/><\/figure>\n\n\n\n<figure class=\"wp-block-image size-large\"><img loading=\"lazy\" decoding=\"async\" width=\"400\" height=\"300\" data-id=\"99\" src=\"https:\/\/chateletdejayac.com\/chambres\/wp-content\/uploads\/sites\/4\/2014\/11\/CDJ-014.jpg\" alt=\"Ch\u00e2telet de Jayac - Jardin\" class=\"wp-image-99\" srcset=\"https:\/\/chateletdejayac.com\/chambres\/wp-content\/uploads\/sites\/4\/2014\/11\/CDJ-014.jpg 400w, https:\/\/chateletdejayac.com\/chambres\/wp-content\/uploads\/sites\/4\/2014\/11\/CDJ-014-300x225.jpg 300w\" sizes=\"auto, (max-width: 400px) 100vw, 400px\" \/><\/figure>\n\n\n\n<figure class=\"wp-block-image size-large\"><img loading=\"lazy\" decoding=\"async\" width=\"534\" height=\"401\" data-id=\"98\" src=\"https:\/\/chateletdejayac.com\/chambres\/wp-content\/uploads\/sites\/4\/2014\/11\/CDJ-013.jpg\" alt=\"Ch\u00e2telet de Jayac - Couloir\" class=\"wp-image-98\" srcset=\"https:\/\/chateletdejayac.com\/chambres\/wp-content\/uploads\/sites\/4\/2014\/11\/CDJ-013.jpg 534w, https:\/\/chateletdejayac.com\/chambres\/wp-content\/uploads\/sites\/4\/2014\/11\/CDJ-013-300x225.jpg 300w, https:\/\/chateletdejayac.com\/chambres\/wp-content\/uploads\/sites\/4\/2014\/11\/CDJ-013-399x300.jpg 399w\" sizes=\"auto, (max-width: 534px) 100vw, 534px\" \/><\/figure>\n\n\n\n<figure class=\"wp-block-image size-large\"><img loading=\"lazy\" decoding=\"async\" width=\"400\" height=\"300\" data-id=\"97\" src=\"https:\/\/chateletdejayac.com\/chambres\/wp-content\/uploads\/sites\/4\/2014\/11\/CDJ-012.jpg\" alt=\"Ch\u00e2telet de Jayac - L'entr\u00e9e\" class=\"wp-image-97\" srcset=\"https:\/\/chateletdejayac.com\/chambres\/wp-content\/uploads\/sites\/4\/2014\/11\/CDJ-012.jpg 400w, https:\/\/chateletdejayac.com\/chambres\/wp-content\/uploads\/sites\/4\/2014\/11\/CDJ-012-300x225.jpg 300w\" sizes=\"auto, (max-width: 400px) 100vw, 400px\" \/><\/figure>\n\n\n\n<figure class=\"wp-block-image size-large\"><img loading=\"lazy\" decoding=\"async\" width=\"400\" height=\"300\" data-id=\"96\" src=\"https:\/\/chateletdejayac.com\/chambres\/wp-content\/uploads\/sites\/4\/2014\/11\/CDJ-011.jpg\" alt=\"Jayac\" class=\"wp-image-96\" srcset=\"https:\/\/chateletdejayac.com\/chambres\/wp-content\/uploads\/sites\/4\/2014\/11\/CDJ-011.jpg 400w, https:\/\/chateletdejayac.com\/chambres\/wp-content\/uploads\/sites\/4\/2014\/11\/CDJ-011-300x225.jpg 300w\" sizes=\"auto, (max-width: 400px) 100vw, 400px\" \/><\/figure>\n\n\n\n<figure class=\"wp-block-image size-large\"><img loading=\"lazy\" decoding=\"async\" width=\"400\" height=\"300\" data-id=\"95\" src=\"https:\/\/chateletdejayac.com\/chambres\/wp-content\/uploads\/sites\/4\/2014\/11\/CDJ-010.jpg\" alt=\"Ch\u00e2telet de Jayac - La cour\" class=\"wp-image-95\" srcset=\"https:\/\/chateletdejayac.com\/chambres\/wp-content\/uploads\/sites\/4\/2014\/11\/CDJ-010.jpg 400w, https:\/\/chateletdejayac.com\/chambres\/wp-content\/uploads\/sites\/4\/2014\/11\/CDJ-010-300x225.jpg 300w\" sizes=\"auto, (max-width: 400px) 100vw, 400px\" \/><\/figure>\n\n\n\n<figure class=\"wp-block-image size-large\"><img loading=\"lazy\" decoding=\"async\" width=\"400\" height=\"300\" data-id=\"94\" src=\"https:\/\/chateletdejayac.com\/chambres\/wp-content\/uploads\/sites\/4\/2014\/11\/CDJ-009.jpg\" alt=\"Ch\u00e2telet de Jayac - La cour\" class=\"wp-image-94\" srcset=\"https:\/\/chateletdejayac.com\/chambres\/wp-content\/uploads\/sites\/4\/2014\/11\/CDJ-009.jpg 400w, https:\/\/chateletdejayac.com\/chambres\/wp-content\/uploads\/sites\/4\/2014\/11\/CDJ-009-300x225.jpg 300w\" sizes=\"auto, (max-width: 400px) 100vw, 400px\" \/><\/figure>\n\n\n\n<figure class=\"wp-block-image size-large\"><img loading=\"lazy\" decoding=\"async\" width=\"400\" height=\"300\" data-id=\"93\" src=\"https:\/\/chateletdejayac.com\/chambres\/wp-content\/uploads\/sites\/4\/2014\/11\/CDJ-008.jpg\" alt=\"Ch\u00e2telet de Jayac \u2013 Le jardin\" class=\"wp-image-93\" srcset=\"https:\/\/chateletdejayac.com\/chambres\/wp-content\/uploads\/sites\/4\/2014\/11\/CDJ-008.jpg 400w, https:\/\/chateletdejayac.com\/chambres\/wp-content\/uploads\/sites\/4\/2014\/11\/CDJ-008-300x225.jpg 300w\" sizes=\"auto, (max-width: 400px) 100vw, 400px\" \/><\/figure>\n\n\n\n<figure class=\"wp-block-image size-large\"><img loading=\"lazy\" decoding=\"async\" width=\"533\" height=\"400\" data-id=\"92\" src=\"https:\/\/chateletdejayac.com\/chambres\/wp-content\/uploads\/sites\/4\/2014\/11\/CDJ-007.jpg\" alt=\"Ch\u00e2telet de Jayac \u2013 Les \u00e9tables\" class=\"wp-image-92\" srcset=\"https:\/\/chateletdejayac.com\/chambres\/wp-content\/uploads\/sites\/4\/2014\/11\/CDJ-007.jpg 533w, https:\/\/chateletdejayac.com\/chambres\/wp-content\/uploads\/sites\/4\/2014\/11\/CDJ-007-300x225.jpg 300w, https:\/\/chateletdejayac.com\/chambres\/wp-content\/uploads\/sites\/4\/2014\/11\/CDJ-007-399x300.jpg 399w\" sizes=\"auto, (max-width: 533px) 100vw, 533px\" \/><\/figure>\n\n\n\n<figure class=\"wp-block-image size-large\"><img loading=\"lazy\" decoding=\"async\" width=\"400\" height=\"300\" data-id=\"91\" src=\"https:\/\/chateletdejayac.com\/chambres\/wp-content\/uploads\/sites\/4\/2014\/11\/CDJ-006.jpg\" alt=\"Ch\u00e2telet de Jayac \u2013 Le m\u00e9tier - c\u00f4t\u00e9 est\" class=\"wp-image-91\" srcset=\"https:\/\/chateletdejayac.com\/chambres\/wp-content\/uploads\/sites\/4\/2014\/11\/CDJ-006.jpg 400w, https:\/\/chateletdejayac.com\/chambres\/wp-content\/uploads\/sites\/4\/2014\/11\/CDJ-006-300x225.jpg 300w\" sizes=\"auto, (max-width: 400px) 100vw, 400px\" \/><\/figure>\n\n\n\n<figure class=\"wp-block-image size-large\"><img loading=\"lazy\" decoding=\"async\" width=\"1000\" height=\"288\" data-id=\"80\" src=\"https:\/\/chateletdejayac.com\/chambres\/wp-content\/uploads\/sites\/4\/2014\/11\/JAYAC-1.jpg\" alt=\"Ch\u00e2telet de Jayac\" class=\"wp-image-80\" srcset=\"https:\/\/chateletdejayac.com\/chambres\/wp-content\/uploads\/sites\/4\/2014\/11\/JAYAC-1.jpg 1000w, https:\/\/chateletdejayac.com\/chambres\/wp-content\/uploads\/sites\/4\/2014\/11\/JAYAC-1-300x86.jpg 300w, https:\/\/chateletdejayac.com\/chambres\/wp-content\/uploads\/sites\/4\/2014\/11\/JAYAC-1-500x144.jpg 500w\" sizes=\"auto, (max-width: 1000px) 100vw, 1000px\" \/><\/figure>\n\n\n\n<figure class=\"wp-block-image size-large\"><img loading=\"lazy\" decoding=\"async\" width=\"1000\" height=\"288\" data-id=\"81\" src=\"https:\/\/chateletdejayac.com\/chambres\/wp-content\/uploads\/sites\/4\/2014\/11\/JAYAC-2.jpg\" alt=\"JAYAC\" class=\"wp-image-81\" srcset=\"https:\/\/chateletdejayac.com\/chambres\/wp-content\/uploads\/sites\/4\/2014\/11\/JAYAC-2.jpg 1000w, https:\/\/chateletdejayac.com\/chambres\/wp-content\/uploads\/sites\/4\/2014\/11\/JAYAC-2-300x86.jpg 300w, https:\/\/chateletdejayac.com\/chambres\/wp-content\/uploads\/sites\/4\/2014\/11\/JAYAC-2-500x144.jpg 500w\" sizes=\"auto, (max-width: 1000px) 100vw, 1000px\" \/><\/figure>\n\n\n\n<figure class=\"wp-block-image size-large\"><img loading=\"lazy\" decoding=\"async\" width=\"1000\" height=\"288\" data-id=\"85\" src=\"https:\/\/chateletdejayac.com\/chambres\/wp-content\/uploads\/sites\/4\/2014\/11\/copy-JAYAC-1.jpg\" alt=\"Ch\u00e2telet de Jayac\" class=\"wp-image-85\" srcset=\"https:\/\/chateletdejayac.com\/chambres\/wp-content\/uploads\/sites\/4\/2014\/11\/copy-JAYAC-1.jpg 1000w, https:\/\/chateletdejayac.com\/chambres\/wp-content\/uploads\/sites\/4\/2014\/11\/copy-JAYAC-1-300x86.jpg 300w, https:\/\/chateletdejayac.com\/chambres\/wp-content\/uploads\/sites\/4\/2014\/11\/copy-JAYAC-1-500x144.jpg 500w\" sizes=\"auto, (max-width: 1000px) 100vw, 1000px\" \/><\/figure>\n\n\n\n<figure class=\"wp-block-image size-large\"><img loading=\"lazy\" decoding=\"async\" width=\"400\" height=\"300\" data-id=\"86\" src=\"https:\/\/chateletdejayac.com\/chambres\/wp-content\/uploads\/sites\/4\/2014\/11\/CDJ-001.jpg\" alt=\"Ch\u00e2telet de Jayac \u2013 Le puits\" class=\"wp-image-86\" srcset=\"https:\/\/chateletdejayac.com\/chambres\/wp-content\/uploads\/sites\/4\/2014\/11\/CDJ-001.jpg 400w, https:\/\/chateletdejayac.com\/chambres\/wp-content\/uploads\/sites\/4\/2014\/11\/CDJ-001-300x225.jpg 300w\" sizes=\"auto, (max-width: 400px) 100vw, 400px\" \/><\/figure>\n\n\n\n<figure class=\"wp-block-image size-large\"><img loading=\"lazy\" decoding=\"async\" width=\"400\" height=\"300\" data-id=\"87\" src=\"https:\/\/chateletdejayac.com\/chambres\/wp-content\/uploads\/sites\/4\/2014\/11\/CDJ-002.jpg\" alt=\"Ch\u00e2telet de Jayac \u2013 Le jardin\" class=\"wp-image-87\" srcset=\"https:\/\/chateletdejayac.com\/chambres\/wp-content\/uploads\/sites\/4\/2014\/11\/CDJ-002.jpg 400w, https:\/\/chateletdejayac.com\/chambres\/wp-content\/uploads\/sites\/4\/2014\/11\/CDJ-002-300x225.jpg 300w\" sizes=\"auto, (max-width: 400px) 100vw, 400px\" \/><\/figure>\n\n\n\n<figure class=\"wp-block-image size-large\"><img loading=\"lazy\" decoding=\"async\" width=\"400\" height=\"300\" data-id=\"88\" src=\"https:\/\/chateletdejayac.com\/chambres\/wp-content\/uploads\/sites\/4\/2014\/11\/CDJ-003.jpg\" alt=\"Ch\u00e2telet de Jayac \u2013 Le jardin\" class=\"wp-image-88\" srcset=\"https:\/\/chateletdejayac.com\/chambres\/wp-content\/uploads\/sites\/4\/2014\/11\/CDJ-003.jpg 400w, https:\/\/chateletdejayac.com\/chambres\/wp-content\/uploads\/sites\/4\/2014\/11\/CDJ-003-300x225.jpg 300w\" sizes=\"auto, (max-width: 400px) 100vw, 400px\" \/><\/figure>\n\n\n\n<figure class=\"wp-block-image size-large\"><img loading=\"lazy\" decoding=\"async\" width=\"400\" height=\"300\" data-id=\"89\" src=\"https:\/\/chateletdejayac.com\/chambres\/wp-content\/uploads\/sites\/4\/2014\/11\/CDJ-004.jpg\" alt=\"Ch\u00e2telet de Jayac \u2013 Salle \u00e0 manger\" class=\"wp-image-89\" srcset=\"https:\/\/chateletdejayac.com\/chambres\/wp-content\/uploads\/sites\/4\/2014\/11\/CDJ-004.jpg 400w, https:\/\/chateletdejayac.com\/chambres\/wp-content\/uploads\/sites\/4\/2014\/11\/CDJ-004-300x225.jpg 300w\" sizes=\"auto, (max-width: 400px) 100vw, 400px\" \/><\/figure>\n\n\n\n<figure class=\"wp-block-image size-large\"><img loading=\"lazy\" decoding=\"async\" width=\"400\" height=\"300\" data-id=\"90\" src=\"https:\/\/chateletdejayac.com\/chambres\/wp-content\/uploads\/sites\/4\/2014\/11\/CDJ-005.jpg\" alt=\"Ch\u00e2telet de Jayac \u2013 C\u00f4t\u00e9 ouest\" class=\"wp-image-90\" srcset=\"https:\/\/chateletdejayac.com\/chambres\/wp-content\/uploads\/sites\/4\/2014\/11\/CDJ-005.jpg 400w, https:\/\/chateletdejayac.com\/chambres\/wp-content\/uploads\/sites\/4\/2014\/11\/CDJ-005-300x225.jpg 300w\" sizes=\"auto, (max-width: 400px) 100vw, 400px\" \/><\/figure>\n<\/figure>\n","protected":false},"excerpt":{"rendered":"<p>Michelle Brousse vous accueille dans une belle maison du XVI\u00e8me si\u00e8cle au coeur d&#8217;une r\u00e9gion renomm\u00e9e pour ses nombreuses grottes orn\u00e9es, ses impressionnants ch\u00e2teaux m\u00e9di\u00e9vaux et sa gastronomie ancestrale. Vous pourrez ainsi visiter Lascaux, Sarlat, Beynac, la Roque-Gageac, et aussi &hellip; <a href=\"https:\/\/chateletdejayac.com\/chambres\/\">Continuer la lecture <span class=\"meta-nav\">&rarr;<\/span><\/a><\/p>\n","protected":false},"author":1,"featured_media":0,"parent":0,"menu_order":0,"comment_status":"closed","ping_status":"closed","template":"sidebar-page.php","meta":{"footnotes":""},"class_list":["post-15","page","type-page","status-publish","hentry"],"_links":{"self":[{"href":"https:\/\/chateletdejayac.com\/chambres\/wp-json\/wp\/v2\/pages\/15","targetHints":{"allow":["GET"]}}],"collection":[{"href":"https:\/\/chateletdejayac.com\/chambres\/wp-json\/wp\/v2\/pages"}],"about":[{"href":"https:\/\/chateletdejayac.com\/chambres\/wp-json\/wp\/v2\/types\/page"}],"author":[{"embeddable":true,"href":"https:\/\/chateletdejayac.com\/chambres\/wp-json\/wp\/v2\/users\/1"}],"replies":[{"embeddable":true,"href":"https:\/\/chateletdejayac.com\/chambres\/wp-json\/wp\/v2\/comments?post=15"}],"version-history":[{"count":5,"href":"https:\/\/chateletdejayac.com\/chambres\/wp-json\/wp\/v2\/pages\/15\/revisions"}],"predecessor-version":[{"id":232,"href":"https:\/\/chateletdejayac.com\/chambres\/wp-json\/wp\/v2\/pages\/15\/revisions\/232"}],"wp:attachment":[{"href":"https:\/\/chateletdejayac.com\/chambres\/wp-json\/wp\/v2\/media?parent=15"}],"curies":[{"name":"wp","href":"https:\/\/api.w.org\/{rel}","templated":true}]}}